{"id":4922,"date":"2022-11-14T13:50:56","date_gmt":"2022-11-14T13:50:56","guid":{"rendered":"https:\/\/www.tentagent.com\/angebot-anfordern\/"},"modified":"2024-11-13T20:41:06","modified_gmt":"2024-11-13T20:41:06","slug":"angebot-anfordern","status":"publish","type":"page","link":"https:\/\/www.tentagent.com\/de\/angebot-anfordern\/","title":{"rendered":"Angebot anfordern"},"content":{"rendered":"\t\t<div data-elementor-type=\"wp-page\" data-elementor-id=\"4922\" class=\"elementor elementor-4922 elementor-1244\">\n\t\t\t\t\t\t<section class=\"elementor-section elementor-top-section elementor-element elementor-element-4385934 elementor-section-boxed elementor-section-height-default elementor-section-height-default wpr-particle-no wpr-jarallax-no wpr-parallax-no wpr-sticky-section-no wpr-equal-height-no\" data-id=\"4385934\" data-element_type=\"section\" data-e-type=\"section\" data-settings=\"{&quot;background_background&quot;:&quot;classic&quot;}\">\n\t\t\t\t\t\t\t<div class=\"elementor-background-overlay\"><\/div>\n\t\t\t\t\t\t\t<div class=\"elementor-container elementor-column-gap-default\">\n\t\t\t\t\t<div class=\"elementor-column elementor-col-50 elementor-top-column elementor-element elementor-element-c31c8f7\" data-id=\"c31c8f7\" data-element_type=\"column\" data-e-type=\"column\">\n\t\t\t<div class=\"elementor-widget-wrap elementor-element-populated\">\n\t\t\t\t\t\t<div class=\"elementor-element elementor-element-1608b72 elementor-invisible elementor-widget elementor-widget-heading\" data-id=\"1608b72\" data-element_type=\"widget\" data-e-type=\"widget\" data-settings=\"{&quot;_animation&quot;:&quot;fadeInLeft&quot;}\" data-widget_type=\"heading.default\">\n\t\t\t\t<div class=\"elementor-widget-container\">\n\t\t\t\t\t<h2 class=\"elementor-heading-title elementor-size-default\">TENTAGENT - Beduinenzelte<\/h2>\t\t\t\t<\/div>\n\t\t\t\t<\/div>\n\t\t\t\t<div class=\"elementor-element elementor-element-046d4fa elementor-invisible elementor-widget elementor-widget-heading\" data-id=\"046d4fa\" data-element_type=\"widget\" data-e-type=\"widget\" data-settings=\"{&quot;_animation&quot;:&quot;slideInLeft&quot;}\" data-widget_type=\"heading.default\">\n\t\t\t\t<div class=\"elementor-widget-container\">\n\t\t\t\t\t<h2 class=\"elementor-heading-title elementor-size-default\">Angebot anfordern<\/h2>\t\t\t\t<\/div>\n\t\t\t\t<\/div>\n\t\t\t\t<div class=\"elementor-element elementor-element-bb91015 elementor-invisible elementor-widget elementor-widget-text-editor\" data-id=\"bb91015\" data-element_type=\"widget\" data-e-type=\"widget\" data-settings=\"{&quot;_animation&quot;:&quot;slideInLeft&quot;}\" data-widget_type=\"text-editor.default\">\n\t\t\t\t<div class=\"elementor-widget-container\">\n\t\t\t\t\t\t\t\t\t<p>F\u00fcllen Sie einfach das untenstehende Formular aus und wir werden Sie so schnell wie m\u00f6glich kontaktieren.<\/p>\n\t\t\t\t\t\t\t\t<\/div>\n\t\t\t\t<\/div>\n\t\t\t\t<div class=\"elementor-element elementor-element-c90614e elementor-invisible elementor-widget elementor-widget-heading\" data-id=\"c90614e\" data-element_type=\"widget\" data-e-type=\"widget\" data-settings=\"{&quot;_animation&quot;:&quot;slideInLeft&quot;}\" data-widget_type=\"heading.default\">\n\t\t\t\t<div class=\"elementor-widget-container\">\n\t\t\t\t\t<h2 class=\"elementor-heading-title elementor-size-default\">Servicebereiche<\/h2>\t\t\t\t<\/div>\n\t\t\t\t<\/div>\n\t\t\t\t<div class=\"elementor-element elementor-element-3700aa8 elementor-invisible elementor-widget elementor-widget-text-editor\" data-id=\"3700aa8\" data-element_type=\"widget\" data-e-type=\"widget\" data-settings=\"{&quot;_animation&quot;:&quot;slideInLeft&quot;}\" data-widget_type=\"text-editor.default\">\n\t\t\t\t<div class=\"elementor-widget-container\">\n\t\t\t\t\t\t\t\t\t<p>Balearische Inseln Ibiza Formentera Mallorca Menorca<\/p>\n\t\t\t\t\t\t\t\t<\/div>\n\t\t\t\t<\/div>\n\t\t\t\t<div class=\"elementor-element elementor-element-2d89cda elementor-icon-list--layout-inline elementor-align-start elementor-list-item-link-full_width elementor-invisible elementor-widget elementor-widget-icon-list\" data-id=\"2d89cda\" data-element_type=\"widget\" data-e-type=\"widget\" data-settings=\"{&quot;_animation&quot;:&quot;slideInUp&quot;}\" data-widget_type=\"icon-list.default\">\n\t\t\t\t<div class=\"elementor-widget-container\">\n\t\t\t\t\t\t\t<ul class=\"elementor-icon-list-items elementor-inline-items\">\n\t\t\t\t\t\t\t<li class=\"elementor-icon-list-item elementor-inline-item\">\n\t\t\t\t\t\t\t\t\t\t\t<a href=\"tel:34%20689%20170%20917\">\n\n\t\t\t\t\t\t\t\t\t\t\t\t<span class=\"elementor-icon-list-icon\">\n\t\t\t\t\t\t\t<svg aria-hidden=\"true\" class=\"e-font-icon-svg e-fab-whatsapp\" viewBox=\"0 0 448 512\" xmlns=\"http:\/\/www.w3.org\/2000\/svg\"><path d=\"M380.9 97.1C339 55.1 283.2 32 223.9 32c-122.4 0-222 99.6-222 222 0 39.1 10.2 77.3 29.6 111L0 480l117.7-30.9c32.4 17.7 68.9 27 106.1 27h.1c122.3 0 224.1-99.6 224.1-222 0-59.3-25.2-115-67.1-157zm-157 341.6c-33.2 0-65.7-8.9-94-25.7l-6.7-4-69.8 18.3L72 359.2l-4.4-7c-18.5-29.4-28.2-63.3-28.2-98.2 0-101.7 82.8-184.5 184.6-184.5 49.3 0 95.6 19.2 130.4 54.1 34.8 34.9 56.2 81.2 56.1 130.5 0 101.8-84.9 184.6-186.6 184.6zm101.2-138.2c-5.5-2.8-32.8-16.2-37.9-18-5.1-1.9-8.8-2.8-12.5 2.8-3.7 5.6-14.3 18-17.6 21.8-3.2 3.7-6.5 4.2-12 1.4-32.6-16.3-54-29.1-75.5-66-5.7-9.8 5.7-9.1 16.3-30.3 1.8-3.7.9-6.9-.5-9.7-1.4-2.8-12.5-30.1-17.1-41.2-4.5-10.8-9.1-9.3-12.5-9.5-3.2-.2-6.9-.2-10.6-.2-3.7 0-9.7 1.4-14.8 6.9-5.1 5.6-19.4 19-19.4 46.3 0 27.3 19.9 53.7 22.6 57.4 2.8 3.7 39.1 59.7 94.8 83.8 35.2 15.2 49 16.5 66.6 13.9 10.7-1.6 32.8-13.4 37.4-26.4 4.6-13 4.6-24.1 3.2-26.4-1.3-2.5-5-3.9-10.5-6.6z\"><\/path><\/svg>\t\t\t\t\t\t<\/span>\n\t\t\t\t\t\t\t\t\t\t<span class=\"elementor-icon-list-text\">34 689 170 917<\/span>\n\t\t\t\t\t\t\t\t\t\t\t<\/a>\n\t\t\t\t\t\t\t\t\t<\/li>\n\t\t\t\t\t\t<\/ul>\n\t\t\t\t\t\t<\/div>\n\t\t\t\t<\/div>\n\t\t\t\t<div class=\"elementor-element elementor-element-cc0101a elementor-icon-list--layout-inline elementor-align-start elementor-list-item-link-full_width elementor-invisible elementor-widget elementor-widget-icon-list\" data-id=\"cc0101a\" data-element_type=\"widget\" data-e-type=\"widget\" data-settings=\"{&quot;_animation&quot;:&quot;slideInUp&quot;}\" data-widget_type=\"icon-list.default\">\n\t\t\t\t<div class=\"elementor-widget-container\">\n\t\t\t\t\t\t\t<ul class=\"elementor-icon-list-items elementor-inline-items\">\n\t\t\t\t\t\t\t<li class=\"elementor-icon-list-item elementor-inline-item\">\n\t\t\t\t\t\t\t\t\t\t\t<a href=\"mailto:info@tentagent.com\">\n\n\t\t\t\t\t\t\t\t\t\t\t<span class=\"elementor-icon-list-text\">info@tentagent.com<\/span>\n\t\t\t\t\t\t\t\t\t\t\t<\/a>\n\t\t\t\t\t\t\t\t\t<\/li>\n\t\t\t\t\t\t<\/ul>\n\t\t\t\t\t\t<\/div>\n\t\t\t\t<\/div>\n\t\t\t\t\t<\/div>\n\t\t<\/div>\n\t\t\t\t<div class=\"elementor-column elementor-col-50 elementor-top-column elementor-element elementor-element-af26449 elementor-invisible\" data-id=\"af26449\" data-element_type=\"column\" data-e-type=\"column\" data-settings=\"{&quot;animation&quot;:&quot;slideInRight&quot;}\">\n\t\t\t<div class=\"elementor-widget-wrap elementor-element-populated\">\n\t\t\t\t\t\t<div class=\"elementor-element elementor-element-be4e4db premium-cf7-button-fwidth-yes elementor-widget elementor-widget-premium-contact-form\" data-id=\"be4e4db\" data-element_type=\"widget\" data-e-type=\"widget\" data-widget_type=\"premium-contact-form.default\">\n\t\t\t\t<div class=\"elementor-widget-container\">\n\t\t\t\t\t\n\t\t\t\n\t\t\t<div class=\"premium-cf7-container\" data-settings=\"{&quot;fields_glass&quot;:&quot;none&quot;,&quot;submit_glass&quot;:&quot;none&quot;}\">\n\t\t\t\t\n<div class=\"wpcf7 no-js\" id=\"wpcf7-f5225-o1\" lang=\"de-DE\" dir=\"ltr\" data-wpcf7-id=\"5225\">\n<div class=\"screen-reader-response\"><p role=\"status\" aria-live=\"polite\" aria-atomic=\"true\"><\/p> <ul><\/ul><\/div>\n<form action=\"\/de\/wp-json\/wp\/v2\/pages\/4922#wpcf7-f5225-o1\" method=\"post\" class=\"wpcf7-form init\" aria-label=\"Kontaktformular\" novalidate=\"novalidate\" data-status=\"init\">\n<fieldset class=\"hidden-fields-container\"><input type=\"hidden\" name=\"_wpcf7\" value=\"5225\" \/><input type=\"hidden\" name=\"_wpcf7_version\" value=\"6.1.5\" \/><input type=\"hidden\" name=\"_wpcf7_locale\" value=\"de_DE\" \/><input type=\"hidden\" name=\"_wpcf7_unit_tag\" value=\"wpcf7-f5225-o1\" \/><input type=\"hidden\" name=\"_wpcf7_container_post\" value=\"0\" \/><input type=\"hidden\" name=\"_wpcf7_posted_data_hash\" value=\"\" \/><input type=\"hidden\" name=\"_wpcf7_recaptcha_response\" value=\"\" \/>\n<\/fieldset>\n<div class=\"row\">\n\t<div class=\"col-50\">\n\t\t<p><label><span class=\"wpcf7-form-control-wrap\" data-name=\"your-name\"><input size=\"40\" maxlength=\"400\" class=\"wpcf7-form-control wpcf7-text wpcf7-validates-as-required\" aria-required=\"true\" aria-invalid=\"false\" placeholder=\"Name\" value=\"\" type=\"text\" name=\"your-name\" \/><\/span> <\/label><br \/>\n<label><span class=\"wpcf7-form-control-wrap\" data-name=\"apelidos\"><input size=\"40\" maxlength=\"400\" class=\"wpcf7-form-control wpcf7-text wpcf7-validates-as-required\" aria-required=\"true\" aria-invalid=\"false\" placeholder=\"Nachname\" value=\"\" type=\"text\" name=\"apelidos\" \/><\/span> <\/label><br \/>\n<label><span class=\"wpcf7-form-control-wrap\" data-name=\"your-email\"><input size=\"40\" maxlength=\"400\" class=\"wpcf7-form-control wpcf7-email wpcf7-validates-as-required wpcf7-text wpcf7-validates-as-email\" aria-required=\"true\" aria-invalid=\"false\" placeholder=\"E-Mail\" value=\"\" type=\"email\" name=\"your-email\" \/><\/span> <\/label><br \/>\n<label><span class=\"wpcf7-form-control-wrap\" data-name=\"telefono\"><input size=\"40\" maxlength=\"400\" class=\"wpcf7-form-control wpcf7-tel wpcf7-validates-as-required wpcf7-text wpcf7-validates-as-tel\" aria-required=\"true\" aria-invalid=\"false\" placeholder=\"Telefon\" value=\"\" type=\"tel\" name=\"telefono\" \/><\/span> <\/label><br \/>\nDatum der Veranstaltung<br \/>\n<label><span class=\"wpcf7-form-control-wrap\" data-name=\"date-609\"><input class=\"wpcf7-form-control wpcf7-date wpcf7-validates-as-required wpcf7-validates-as-date\" aria-required=\"true\" aria-invalid=\"false\" value=\"\" type=\"date\" name=\"date-609\" \/><\/span> <\/label><br \/>\nStandort<br \/>\n<label><span class=\"wpcf7-form-control-wrap\" data-name=\"localizacion\"><select class=\"wpcf7-form-control wpcf7-select wpcf7-validates-as-required\" aria-required=\"true\" aria-invalid=\"false\" name=\"localizacion\"><option value=\"Standort\">Standort<\/option><option value=\"Ibiza\">Ibiza<\/option><option value=\"Formentera\">Formentera<\/option><option value=\"Mallorca\">Mallorca<\/option><option value=\"Menorca\">Menorca<\/option><\/select><\/span> <\/label><br \/>\nOrganisation von G\u00e4sten<br \/>\n<label><span class=\"wpcf7-form-control-wrap\" data-name=\"invitados\"><input class=\"wpcf7-form-control wpcf7-number wpcf7-validates-as-required wpcf7-validates-as-number\" aria-required=\"true\" aria-invalid=\"false\" placeholder=\"Anzahl der G\u00e4ste\" value=\"\" type=\"number\" name=\"invitados\" \/><\/span> <\/label><br \/>\nOrganisation der Sitzpl\u00e4tze<br \/>\n<label><span class=\"wpcf7-form-control-wrap\" data-name=\"asientos\"><select class=\"wpcf7-form-control wpcf7-select wpcf7-validates-as-required\" aria-required=\"true\" aria-invalid=\"false\" name=\"asientos\"><option value=\"Runde Tische\">Runde Tische<\/option><option value=\"Lange\/imperiale Tische\">Lange\/imperiale Tische<\/option><option value=\"Zeremonie\/Cocktail\">Zeremonie\/Cocktail<\/option><option value=\"Chillout\">Chillout<\/option><\/select><\/span> <\/label>\n\t\t<\/p>\n\t<\/div>\n\t<div class=\"col-50\">\n\t\t<p>Ben\u00f6tigen Sie Beleuchtung?<br \/>\n<label><span class=\"wpcf7-form-control-wrap\" data-name=\"iluminacion\"><select class=\"wpcf7-form-control wpcf7-select wpcf7-validates-as-required\" aria-required=\"true\" aria-invalid=\"false\" name=\"iluminacion\"><option value=\"JA\">JA<\/option><option value=\"NEIN\">NEIN<\/option><\/select><\/span> <\/label><br \/>\nBen\u00f6tigen Sie Dekoration?<br \/>\n<label><span class=\"wpcf7-form-control-wrap\" data-name=\"decoracion\"><select class=\"wpcf7-form-control wpcf7-select wpcf7-validates-as-required\" aria-required=\"true\" aria-invalid=\"false\" name=\"decoracion\"><option value=\"JA\">JA<\/option><option value=\"NEIN\">NEIN<\/option><\/select><\/span> <\/label><br \/>\nAndere W\u00fcnsche?<label><span class=\"wpcf7-form-control-wrap\" data-name=\"your-message\"><textarea cols=\"40\" rows=\"10\" maxlength=\"2000\" class=\"wpcf7-form-control wpcf7-textarea\" aria-invalid=\"false\" placeholder=\"Nachricht\" name=\"your-message\"><\/textarea><\/span><\/label><br \/>\n<input class=\"wpcf7-form-control wpcf7-submit has-spinner\" type=\"submit\" value=\"SENDEN\" \/><br \/>\n<label class=\"politicaprivacidade\"><span class=\"wpcf7-form-control-wrap\" data-name=\"acceptance-377\"><span class=\"wpcf7-form-control wpcf7-acceptance optional\"><span class=\"wpcf7-list-item\"><label><input type=\"checkbox\" name=\"acceptance-377\" value=\"1\" class=\"politica\" id=\"politica\" aria-invalid=\"false\" \/><span class=\"wpcf7-list-item-label\">Ja, ich habe die <strong><a href=\"https:\/\/www.tentagent.com\/politica-privacidade\/\" target=\"_blank\">Datenschutzbestimmungen<\/a><\/strong> und <strong><a href=\"https:\/\/www.tentagent.com\/aviso-legal\/\" target=\"_blank\">rechtlichen Hinweise<\/a><\/strong> gelesen und stimme zu<\/span><\/label><\/span><\/span><\/span> <\/label>\n\t\t<\/p>\n\t<\/div>\n<\/div><p style=\"display: none !important;\" class=\"akismet-fields-container\" data-prefix=\"_wpcf7_ak_\"><label>&#916;<textarea name=\"_wpcf7_ak_hp_textarea\" cols=\"45\" rows=\"8\" maxlength=\"100\"><\/textarea><\/label><input type=\"hidden\" id=\"ak_js_1\" name=\"_wpcf7_ak_js\" value=\"126\"\/><script>\ndocument.getElementById( \"ak_js_1\" ).setAttribute( \"value\", ( new Date() ).getTime() );\n<\/script>\n<\/p><div class=\"wpcf7-response-output\" aria-hidden=\"true\"><\/div>\n<\/form>\n<\/div>\n\t\t\t<\/div>\n\n\t\t\t\t\t\t\t<\/div>\n\t\t\t\t<\/div>\n\t\t\t\t\t<\/div>\n\t\t<\/div>\n\t\t\t\t\t<\/div>\n\t\t<\/section>\n\t\t\t\t<\/div>\n\t\t","protected":false},"excerpt":{"rendered":"<p>TENTAGENT &#8211; Beduinenzelte Angebot anfordern F\u00fcllen Sie einfach das untenstehende Formular aus und wir werden Sie so schnell wie m\u00f6glich kontaktieren. Servicebereiche Balearische Inseln Ibiza Formentera Mallorca Menorca 34 689 170 917 info@tentagent.com Fecha del Evento Localizaci\u00f3n Localizaci\u00f3nIbizaFormenteraMallorcaMenorca Organizaci\u00f3n de los invitados Organisaci\u00f3n de asientos Mesas RedondasMesas Largas\/ImperialCeremonia\/C\u00f3ctelChill Out \u00bfNecesitas Iluminaci\u00f3n? SINO \u00bfNecesitas Decoraci\u00f3n? SINO \u00bfCualquier otra Solicitud? Si, he leido, y acepto la Politica privacidad y Aviso legal &#916;<\/p>\n","protected":false},"author":1,"featured_media":0,"parent":0,"menu_order":0,"comment_status":"closed","ping_status":"closed","template":"elementor_header_footer","meta":{"ocean_post_layout":"","ocean_both_sidebars_style":"","ocean_both_sidebars_content_width":0,"ocean_both_sidebars_sidebars_width":0,"ocean_sidebar":"0","ocean_second_sidebar":"0","ocean_disable_margins":"enable","ocean_add_body_class":"","ocean_shortcode_before_top_bar":"","ocean_shortcode_after_top_bar":"","ocean_shortcode_before_header":"","ocean_shortcode_after_header":"","ocean_has_shortcode":"","ocean_shortcode_after_title":"","ocean_shortcode_before_footer_widgets":"","ocean_shortcode_after_footer_widgets":"","ocean_shortcode_before_footer_bottom":"","ocean_shortcode_after_footer_bottom":"","ocean_display_top_bar":"default","ocean_display_header":"default","ocean_header_style":"","ocean_center_header_left_menu":"0","ocean_custom_header_template":"0","ocean_custom_logo":0,"ocean_custom_retina_logo":0,"ocean_custom_logo_max_width":0,"ocean_custom_logo_tablet_max_width":0,"ocean_custom_logo_mobile_max_width":0,"ocean_custom_logo_max_height":0,"ocean_custom_logo_tablet_max_height":0,"ocean_custom_logo_mobile_max_height":0,"ocean_header_custom_menu":"0","ocean_menu_typo_font_family":"0","ocean_menu_typo_font_subset":"","ocean_menu_typo_font_size":0,"ocean_menu_typo_font_size_tablet":0,"ocean_menu_typo_font_size_mobile":0,"ocean_menu_typo_font_size_unit":"px","ocean_menu_typo_font_weight":"","ocean_menu_typo_font_weight_tablet":"","ocean_menu_typo_font_weight_mobile":"","ocean_menu_typo_transform":"","ocean_menu_typo_transform_tablet":"","ocean_menu_typo_transform_mobile":"","ocean_menu_typo_line_height":0,"ocean_menu_typo_line_height_tablet":0,"ocean_menu_typo_line_height_mobile":0,"ocean_menu_typo_line_height_unit":"","ocean_menu_typo_spacing":0,"ocean_menu_typo_spacing_tablet":0,"ocean_menu_typo_spacing_mobile":0,"ocean_menu_typo_spacing_unit":"","ocean_menu_link_color":"","ocean_menu_link_color_hover":"","ocean_menu_link_color_active":"","ocean_menu_link_background":"","ocean_menu_link_hover_background":"","ocean_menu_link_active_background":"","ocean_menu_social_links_bg":"","ocean_menu_social_hover_links_bg":"","ocean_menu_social_links_color":"","ocean_menu_social_hover_links_color":"","ocean_disable_title":"default","ocean_disable_heading":"default","ocean_post_title":"","ocean_post_subheading":"","ocean_post_title_style":"","ocean_post_title_background_color":"","ocean_post_title_background":0,"ocean_post_title_bg_image_position":"","ocean_post_title_bg_image_attachment":"","ocean_post_title_bg_image_repeat":"","ocean_post_title_bg_image_size":"","ocean_post_title_height":0,"ocean_post_title_bg_overlay":0.5,"ocean_post_title_bg_overlay_color":"","ocean_disable_breadcrumbs":"default","ocean_breadcrumbs_color":"","ocean_breadcrumbs_separator_color":"","ocean_breadcrumbs_links_color":"","ocean_breadcrumbs_links_hover_color":"","ocean_display_footer_widgets":"default","ocean_display_footer_bottom":"default","ocean_custom_footer_template":"0","footnotes":""},"class_list":["post-4922","page","type-page","status-publish","hentry","entry"],"yoast_head":"<!-- This site is optimized with the Yoast SEO plugin v27.5 - https:\/\/yoast.com\/product\/yoast-seo-wordpress\/ -->\n<title>Angebot anfordern - Tentagent<\/title>\n<meta name=\"robots\" content=\"index, follow, max-snippet:-1, max-image-preview:large, max-video-preview:-1\" \/>\n<link rel=\"canonical\" href=\"https:\/\/www.tentagent.com\/de\/angebot-anfordern\/\" \/>\n<meta property=\"og:locale\" content=\"de_DE\" \/>\n<meta property=\"og:type\" content=\"article\" \/>\n<meta property=\"og:title\" content=\"Angebot anfordern - Tentagent\" \/>\n<meta property=\"og:description\" content=\"TENTAGENT &#8211; Beduinenzelte Angebot anfordern F\u00fcllen Sie einfach das untenstehende Formular aus und wir werden Sie so schnell wie m\u00f6glich kontaktieren. Servicebereiche Balearische Inseln Ibiza Formentera Mallorca Menorca 34 689 170 917 info@tentagent.com Fecha del Evento Localizaci\u00f3n Localizaci\u00f3nIbizaFormenteraMallorcaMenorca Organizaci\u00f3n de los invitados Organisaci\u00f3n de asientos Mesas RedondasMesas Largas\/ImperialCeremonia\/C\u00f3ctelChill Out \u00bfNecesitas Iluminaci\u00f3n? SINO \u00bfNecesitas Decoraci\u00f3n? SINO \u00bfCualquier otra Solicitud? Si, he leido, y acepto la Politica privacidad y Aviso legal &#916;\" \/>\n<meta property=\"og:url\" content=\"https:\/\/www.tentagent.com\/de\/angebot-anfordern\/\" \/>\n<meta property=\"og:site_name\" content=\"Tentagent\" \/>\n<meta property=\"article:publisher\" content=\"https:\/\/www.facebook.com\/tentagent\" \/>\n<meta property=\"article:modified_time\" content=\"2024-11-13T20:41:06+00:00\" \/>\n<meta name=\"twitter:card\" content=\"summary_large_image\" \/>\n<script type=\"application\/ld+json\" class=\"yoast-schema-graph\">{\"@context\":\"https:\\\/\\\/schema.org\",\"@graph\":[{\"@type\":\"WebPage\",\"@id\":\"https:\\\/\\\/www.tentagent.com\\\/de\\\/angebot-anfordern\\\/\",\"url\":\"https:\\\/\\\/www.tentagent.com\\\/de\\\/angebot-anfordern\\\/\",\"name\":\"Angebot anfordern - Tentagent\",\"isPartOf\":{\"@id\":\"https:\\\/\\\/www.tentagent.com\\\/de\\\/#website\"},\"datePublished\":\"2022-11-14T13:50:56+00:00\",\"dateModified\":\"2024-11-13T20:41:06+00:00\",\"breadcrumb\":{\"@id\":\"https:\\\/\\\/www.tentagent.com\\\/de\\\/angebot-anfordern\\\/#breadcrumb\"},\"inLanguage\":\"de-DE\",\"potentialAction\":[{\"@type\":\"ReadAction\",\"target\":[\"https:\\\/\\\/www.tentagent.com\\\/de\\\/angebot-anfordern\\\/\"]}]},{\"@type\":\"BreadcrumbList\",\"@id\":\"https:\\\/\\\/www.tentagent.com\\\/de\\\/angebot-anfordern\\\/#breadcrumb\",\"itemListElement\":[{\"@type\":\"ListItem\",\"position\":1,\"name\":\"Portada\",\"item\":\"https:\\\/\\\/www.tentagent.com\\\/de\\\/\"},{\"@type\":\"ListItem\",\"position\":2,\"name\":\"Angebot anfordern\"}]},{\"@type\":\"WebSite\",\"@id\":\"https:\\\/\\\/www.tentagent.com\\\/de\\\/#website\",\"url\":\"https:\\\/\\\/www.tentagent.com\\\/de\\\/\",\"name\":\"Tentagent\",\"description\":\"Alquiler y Venda de Carpas Beduinas\",\"publisher\":{\"@id\":\"https:\\\/\\\/www.tentagent.com\\\/de\\\/#organization\"},\"potentialAction\":[{\"@type\":\"SearchAction\",\"target\":{\"@type\":\"EntryPoint\",\"urlTemplate\":\"https:\\\/\\\/www.tentagent.com\\\/de\\\/?s={search_term_string}\"},\"query-input\":{\"@type\":\"PropertyValueSpecification\",\"valueRequired\":true,\"valueName\":\"search_term_string\"}}],\"inLanguage\":\"de-DE\"},{\"@type\":\"Organization\",\"@id\":\"https:\\\/\\\/www.tentagent.com\\\/de\\\/#organization\",\"name\":\"Tentagent\",\"alternateName\":\"Tentagent Carpas Beduinas\",\"url\":\"https:\\\/\\\/www.tentagent.com\\\/de\\\/\",\"logo\":{\"@type\":\"ImageObject\",\"inLanguage\":\"de-DE\",\"@id\":\"https:\\\/\\\/www.tentagent.com\\\/de\\\/#\\\/schema\\\/logo\\\/image\\\/\",\"url\":\"https:\\\/\\\/www.tentagent.com\\\/wp-content\\\/uploads\\\/2024\\\/09\\\/cropped-Tentagent-Logo-2024-240px.png\",\"contentUrl\":\"https:\\\/\\\/www.tentagent.com\\\/wp-content\\\/uploads\\\/2024\\\/09\\\/cropped-Tentagent-Logo-2024-240px.png\",\"width\":240,\"height\":80,\"caption\":\"Tentagent\"},\"image\":{\"@id\":\"https:\\\/\\\/www.tentagent.com\\\/de\\\/#\\\/schema\\\/logo\\\/image\\\/\"},\"sameAs\":[\"https:\\\/\\\/www.facebook.com\\\/tentagent\",\"https:\\\/\\\/www.instagram.com\\\/tentagentbaleares\\\/\"]}]}<\/script>\n<!-- \/ Yoast SEO plugin. -->","yoast_head_json":{"title":"Angebot anfordern - Tentagent","robots":{"index":"index","follow":"follow","max-snippet":"max-snippet:-1","max-image-preview":"max-image-preview:large","max-video-preview":"max-video-preview:-1"},"canonical":"https:\/\/www.tentagent.com\/de\/angebot-anfordern\/","og_locale":"de_DE","og_type":"article","og_title":"Angebot anfordern - Tentagent","og_description":"TENTAGENT &#8211; Beduinenzelte Angebot anfordern F\u00fcllen Sie einfach das untenstehende Formular aus und wir werden Sie so schnell wie m\u00f6glich kontaktieren. Servicebereiche Balearische Inseln Ibiza Formentera Mallorca Menorca 34 689 170 917 info@tentagent.com Fecha del Evento Localizaci\u00f3n Localizaci\u00f3nIbizaFormenteraMallorcaMenorca Organizaci\u00f3n de los invitados Organisaci\u00f3n de asientos Mesas RedondasMesas Largas\/ImperialCeremonia\/C\u00f3ctelChill Out \u00bfNecesitas Iluminaci\u00f3n? SINO \u00bfNecesitas Decoraci\u00f3n? SINO \u00bfCualquier otra Solicitud? Si, he leido, y acepto la Politica privacidad y Aviso legal &#916;","og_url":"https:\/\/www.tentagent.com\/de\/angebot-anfordern\/","og_site_name":"Tentagent","article_publisher":"https:\/\/www.facebook.com\/tentagent","article_modified_time":"2024-11-13T20:41:06+00:00","twitter_card":"summary_large_image","schema":{"@context":"https:\/\/schema.org","@graph":[{"@type":"WebPage","@id":"https:\/\/www.tentagent.com\/de\/angebot-anfordern\/","url":"https:\/\/www.tentagent.com\/de\/angebot-anfordern\/","name":"Angebot anfordern - Tentagent","isPartOf":{"@id":"https:\/\/www.tentagent.com\/de\/#website"},"datePublished":"2022-11-14T13:50:56+00:00","dateModified":"2024-11-13T20:41:06+00:00","breadcrumb":{"@id":"https:\/\/www.tentagent.com\/de\/angebot-anfordern\/#breadcrumb"},"inLanguage":"de-DE","potentialAction":[{"@type":"ReadAction","target":["https:\/\/www.tentagent.com\/de\/angebot-anfordern\/"]}]},{"@type":"BreadcrumbList","@id":"https:\/\/www.tentagent.com\/de\/angebot-anfordern\/#breadcrumb","itemListElement":[{"@type":"ListItem","position":1,"name":"Portada","item":"https:\/\/www.tentagent.com\/de\/"},{"@type":"ListItem","position":2,"name":"Angebot anfordern"}]},{"@type":"WebSite","@id":"https:\/\/www.tentagent.com\/de\/#website","url":"https:\/\/www.tentagent.com\/de\/","name":"Tentagent","description":"Alquiler y Venda de Carpas Beduinas","publisher":{"@id":"https:\/\/www.tentagent.com\/de\/#organization"},"potentialAction":[{"@type":"SearchAction","target":{"@type":"EntryPoint","urlTemplate":"https:\/\/www.tentagent.com\/de\/?s={search_term_string}"},"query-input":{"@type":"PropertyValueSpecification","valueRequired":true,"valueName":"search_term_string"}}],"inLanguage":"de-DE"},{"@type":"Organization","@id":"https:\/\/www.tentagent.com\/de\/#organization","name":"Tentagent","alternateName":"Tentagent Carpas Beduinas","url":"https:\/\/www.tentagent.com\/de\/","logo":{"@type":"ImageObject","inLanguage":"de-DE","@id":"https:\/\/www.tentagent.com\/de\/#\/schema\/logo\/image\/","url":"https:\/\/www.tentagent.com\/wp-content\/uploads\/2024\/09\/cropped-Tentagent-Logo-2024-240px.png","contentUrl":"https:\/\/www.tentagent.com\/wp-content\/uploads\/2024\/09\/cropped-Tentagent-Logo-2024-240px.png","width":240,"height":80,"caption":"Tentagent"},"image":{"@id":"https:\/\/www.tentagent.com\/de\/#\/schema\/logo\/image\/"},"sameAs":["https:\/\/www.facebook.com\/tentagent","https:\/\/www.instagram.com\/tentagentbaleares\/"]}]}},"jetpack_sharing_enabled":true,"_links":{"self":[{"href":"https:\/\/www.tentagent.com\/de\/wp-json\/wp\/v2\/pages\/4922","targetHints":{"allow":["GET"]}}],"collection":[{"href":"https:\/\/www.tentagent.com\/de\/wp-json\/wp\/v2\/pages"}],"about":[{"href":"https:\/\/www.tentagent.com\/de\/wp-json\/wp\/v2\/types\/page"}],"author":[{"embeddable":true,"href":"https:\/\/www.tentagent.com\/de\/wp-json\/wp\/v2\/users\/1"}],"replies":[{"embeddable":true,"href":"https:\/\/www.tentagent.com\/de\/wp-json\/wp\/v2\/comments?post=4922"}],"version-history":[{"count":1,"href":"https:\/\/www.tentagent.com\/de\/wp-json\/wp\/v2\/pages\/4922\/revisions"}],"predecessor-version":[{"id":4923,"href":"https:\/\/www.tentagent.com\/de\/wp-json\/wp\/v2\/pages\/4922\/revisions\/4923"}],"wp:attachment":[{"href":"https:\/\/www.tentagent.com\/de\/wp-json\/wp\/v2\/media?parent=4922"}],"curies":[{"name":"wp","href":"https:\/\/api.w.org\/{rel}","templated":true}]}}